{"id":22658,"date":"2025-08-25T14:31:47","date_gmt":"2025-08-25T12:31:47","guid":{"rendered":"https:\/\/jednostki.uksw.edu.pl\/zjazdabsolwentowpsychologii\/?page_id=22658"},"modified":"2025-09-29T17:31:52","modified_gmt":"2025-09-29T15:31:52","slug":"strona-startowa","status":"publish","type":"page","link":"https:\/\/zjazdabsolwentowpsychologii.uksw.edu.pl\/","title":{"rendered":"Zjazd Absolwent\u00f3w Psychologii ATK\/UKSW"},"content":{"rendered":"\n<p><\/p>\n\n\n\n<div class=\"wp-block-columns are-vertically-aligned-center\" style=\"text-transform:uppercase\">\n<div class=\"wp-block-column is-vertically-aligned-center\">\n<h4 class=\"wp-block-heading has-text-align-center\"><a href=\"https:\/\/docs.google.com\/forms\/d\/e\/1FAIpQLSf4A7v6uUim-vG2YBoX1S8nRcBGyRb8jBCD_uHOWG16eQb8Pw\/viewform?fbclid=IwY2xjawMo2gBleHRuA2FlbQIxMQABHrlKVSLgrQYERzm_cPIiTKe3G7It_x3R_BpH_2WqnEUIft6eu0olUIzq3UJW_aem_RR-9eP27Bfhrpxci3wMl-w&amp;pli=1\" data-type=\"link\" data-id=\"https:\/\/docs.google.com\/forms\/d\/e\/1FAIpQLSf4A7v6uUim-vG2YBoX1S8nRcBGyRb8jBCD_uHOWG16eQb8Pw\/viewform?fbclid=IwY2xjawMo2gBleHRuA2FlbQIxMQABHrlKVSLgrQYERzm_cPIiTKe3G7It_x3R_BpH_2WqnEUIft6eu0olUIzq3UJW_aem_RR-9eP27Bfhrpxci3wMl-w&amp;pli=1\">Zapisz si\u0119<\/a><\/h4>\n<\/div>\n\n\n\n<div class=\"wp-block-column is-vertically-aligned-center\">\n<h4 class=\"wp-block-heading has-text-align-center\"><a href=\"https:\/\/zjazdabsolwentowpsychologii.uksw.edu.pl\/mapa-kampusu\/\" data-type=\"page\" data-id=\"22691\">Mapa Kampusu<\/a><\/h4>\n<\/div>\n\n\n\n<div class=\"wp-block-column is-vertically-aligned-center\">\n<h4 class=\"wp-block-heading has-text-align-center\"><a href=\"https:\/\/zjazdabsolwentowpsychologii.uksw.edu.pl\/kontakt\/\" data-type=\"page\" data-id=\"22692\">Kontakt<\/a><\/h4>\n<\/div>\n<\/div>\n\n\n\n<hr class=\"wp-block-separator has-css-opacity is-style-default\" \/>\n\n\n<div class=\"wp-block-image\">\n<figure class=\"aligncenter size-full is-resized\"><img loading=\"lazy\" decoding=\"async\" width=\"500\" height=\"500\" src=\"https:\/\/jednostki.uksw.edu.pl\/zjazdabsolwentowpsychologii\/wp-content\/uploads\/sites\/74\/2025\/09\/Projekt-bez-nazwy-2.png\" alt=\"\" class=\"wp-image-22842\" style=\"width:398px;height:auto\" srcset=\"https:\/\/zjazdabsolwentowpsychologii.uksw.edu.pl\/wp-content\/uploads\/sites\/74\/2025\/09\/Projekt-bez-nazwy-2.png 500w, https:\/\/zjazdabsolwentowpsychologii.uksw.edu.pl\/wp-content\/uploads\/sites\/74\/2025\/09\/Projekt-bez-nazwy-2-300x300.png 300w, https:\/\/zjazdabsolwentowpsychologii.uksw.edu.pl\/wp-content\/uploads\/sites\/74\/2025\/09\/Projekt-bez-nazwy-2-150x150.png 150w\" sizes=\"auto, (max-width: 500px) 100vw, 500px\" \/><\/figure><\/div>\n\n\n<h2 class=\"wp-block-heading\"><br><strong>Drodzy Absolwenci!<\/strong><\/h2>\n\n\n\n<p>Z ogromn\u0105 rado\u015bci\u0105 zapraszamy wszystkich Pa\u0144stwa na \u015awiatowy Zjazd Absolwent\u00f3w Psychologii ATK\/UKSW 2026. Wydarzenie b\u0119dzie mia\u0142o miejsce w dniach <strong>20-21 czerwca 2026 roku<\/strong> na kampusie przy <strong>ul. W\u00f3ycickiego 1\/3 Uniwersytetu Kardyna\u0142a Stefana Wyszy\u0144skiego w Warszawie.<\/strong><\/p>\n\n\n\n<p>To doskona\u0142a okazja, by ponownie spotka\u0107 swych przyjaci\u00f3\u0142, odnowi\u0107 znajomo\u015bci, wymieni\u0107 si\u0119 cennymi do\u015bwiadczeniami, od\u015bwie\u017cy\u0107 wspomnienia, ale i spojrze\u0107 na uczelni\u0119 nieco inaczej. Kto wie, mo\u017ce uda si\u0119 odkry\u0107 w niej co\u015b nowego?<\/p>\n\n\n\n<p>Wierzymy, \u017ce wydarzenie to stanie si\u0119 radosnym powrotem do czas\u00f3w studenckich \u2013 momentem inspiruj\u0105cym i wzruszaj\u0105cym, pe\u0142nym serdecznych rozm\u00f3w z r\u00f3wie\u015bnikami, ale i okazj\u0105 do zawarcia nowych znajomo\u015bci. Spotkaj\u0105 si\u0119 tu osoby, kt\u00f3rych \u015bcie\u017cki zawodowe i prywatne poprowadzi\u0142y w r\u00f3\u017cne zak\u0105tki \u015bwiata, ale kt\u00f3rych droga rozpocz\u0119\u0142a si\u0119 w tym samym miejscu \u2013 naszej ukochanej Alma Mater.<\/p>\n\n\n\n<figure class=\"wp-block-image size-large wp-duotone-unset-1\"><img loading=\"lazy\" decoding=\"async\" width=\"1024\" height=\"315\" src=\"https:\/\/jednostki.uksw.edu.pl\/zjazdabsolwentowpsychologii\/wp-content\/uploads\/sites\/74\/2025\/09\/in-tlo-1-1024x315.jpg\" alt=\"\" class=\"wp-image-22838\" srcset=\"https:\/\/zjazdabsolwentowpsychologii.uksw.edu.pl\/wp-content\/uploads\/sites\/74\/2025\/09\/in-tlo-1-1024x315.jpg 1024w, https:\/\/zjazdabsolwentowpsychologii.uksw.edu.pl\/wp-content\/uploads\/sites\/74\/2025\/09\/in-tlo-1-300x92.jpg 300w, https:\/\/zjazdabsolwentowpsychologii.uksw.edu.pl\/wp-content\/uploads\/sites\/74\/2025\/09\/in-tlo-1-768x237.jpg 768w, https:\/\/zjazdabsolwentowpsychologii.uksw.edu.pl\/wp-content\/uploads\/sites\/74\/2025\/09\/in-tlo-1-1536x473.jpg 1536w, https:\/\/zjazdabsolwentowpsychologii.uksw.edu.pl\/wp-content\/uploads\/sites\/74\/2025\/09\/in-tlo-1.jpg 2000w\" sizes=\"auto, (max-width: 1024px) 100vw, 1024px\" \/><\/figure>\n\n\n\n<div class=\"wp-block-buttons is-content-justification-center is-layout-flex wp-container-core-buttons-is-layout-16018d1d wp-block-buttons-is-layout-flex\">\n<div class=\"wp-block-button\"><a class=\"wp-block-button__link wp-element-button\" href=\"https:\/\/docs.google.com\/forms\/d\/e\/1FAIpQLSf4A7v6uUim-vG2YBoX1S8nRcBGyRb8jBCD_uHOWG16eQb8Pw\/viewform?pli=1\">\n    <strong>ZAPISZ SI\u0118<\/strong>\n  <\/a><\/div>\n<\/div>\n\n\n\n<div class=\"wp-block-columns\">\n<div class=\"wp-block-column is-vertically-aligned-center\">\n<figure class=\"wp-block-image size-full\"><img loading=\"lazy\" decoding=\"async\" width=\"352\" height=\"240\" src=\"https:\/\/zjazdabsolwentowpsychologii.uksw.edu.pl\/wp-content\/uploads\/sites\/74\/2025\/09\/prezydent_waw-2.png\" alt=\"\" class=\"wp-image-22922\" srcset=\"https:\/\/zjazdabsolwentowpsychologii.uksw.edu.pl\/wp-content\/uploads\/sites\/74\/2025\/09\/prezydent_waw-2.png 352w, https:\/\/zjazdabsolwentowpsychologii.uksw.edu.pl\/wp-content\/uploads\/sites\/74\/2025\/09\/prezydent_waw-2-300x205.png 300w\" sizes=\"auto, (max-width: 352px) 100vw, 352px\" \/><\/figure>\n<\/div>\n\n\n\n<div class=\"wp-block-column is-vertically-aligned-center\">\n<figure class=\"wp-block-image size-full\"><img loading=\"lazy\" decoding=\"async\" width=\"348\" height=\"240\" src=\"https:\/\/zjazdabsolwentowpsychologii.uksw.edu.pl\/wp-content\/uploads\/sites\/74\/2025\/09\/Bielany-1.png\" alt=\"\" class=\"wp-image-22917\" srcset=\"https:\/\/zjazdabsolwentowpsychologii.uksw.edu.pl\/wp-content\/uploads\/sites\/74\/2025\/09\/Bielany-1.png 348w, https:\/\/zjazdabsolwentowpsychologii.uksw.edu.pl\/wp-content\/uploads\/sites\/74\/2025\/09\/Bielany-1-300x207.png 300w\" sizes=\"auto, (max-width: 348px) 100vw, 348px\" \/><\/figure>\n<\/div>\n\n\n\n<div class=\"wp-block-column is-vertically-aligned-center\">\n<figure class=\"wp-block-image size-full\"><img loading=\"lazy\" decoding=\"async\" width=\"236\" height=\"34\" src=\"https:\/\/zjazdabsolwentowpsychologii.uksw.edu.pl\/wp-content\/uploads\/sites\/74\/2025\/09\/uksw-1.png\" alt=\"\" class=\"wp-image-22919\" \/><\/figure>\n<\/div>\n\n\n\n<div class=\"wp-block-column is-vertically-aligned-center\"><div class=\"wp-block-image\">\n<figure class=\"aligncenter size-full is-resized\"><img loading=\"lazy\" decoding=\"async\" width=\"400\" height=\"400\" src=\"https:\/\/zjazdabsolwentowpsychologii.uksw.edu.pl\/wp-content\/uploads\/sites\/74\/2025\/09\/SAS_logo-1.jpg\" alt=\"\" class=\"wp-image-22921\" style=\"width:88px;height:auto\" srcset=\"https:\/\/zjazdabsolwentowpsychologii.uksw.edu.pl\/wp-content\/uploads\/sites\/74\/2025\/09\/SAS_logo-1.jpg 400w, https:\/\/zjazdabsolwentowpsychologii.uksw.edu.pl\/wp-content\/uploads\/sites\/74\/2025\/09\/SAS_logo-1-300x300.jpg 300w, https:\/\/zjazdabsolwentowpsychologii.uksw.edu.pl\/wp-content\/uploads\/sites\/74\/2025\/09\/SAS_logo-1-150x150.jpg 150w\" sizes=\"auto, (max-width: 400px) 100vw, 400px\" \/><\/figure><\/div><\/div>\n\n\n\n<div class=\"wp-block-column is-vertically-aligned-center\">\n<figure class=\"wp-block-image size-full\"><img loading=\"lazy\" decoding=\"async\" width=\"540\" height=\"105\" src=\"https:\/\/zjazdabsolwentowpsychologii.uksw.edu.pl\/wp-content\/uploads\/sites\/74\/2025\/09\/Instytut_Psychologii-2.jpg\" alt=\"\" class=\"wp-image-22923\" srcset=\"https:\/\/zjazdabsolwentowpsychologii.uksw.edu.pl\/wp-content\/uploads\/sites\/74\/2025\/09\/Instytut_Psychologii-2.jpg 540w, https:\/\/zjazdabsolwentowpsychologii.uksw.edu.pl\/wp-content\/uploads\/sites\/74\/2025\/09\/Instytut_Psychologii-2-300x58.jpg 300w\" sizes=\"auto, (max-width: 540px) 100vw, 540px\" \/><\/figure>\n<\/div>\n<\/div>\n\n\n\n<p><\/p>\n","protected":false},"excerpt":{"rendered":"<p>Zapisz si\u0119 Mapa Kampusu Kontakt Drodzy Absolwenci! Z ogromn\u0105 rado\u015bci\u0105 zapraszamy wszystkich Pa\u0144stwa na \u015awiatowy Zjazd Absolwent\u00f3w Psychologii ATK\/UKSW 2026. Wydarzenie b\u0119dzie mia\u0142o miejsce w dniach 20-21 czerwca 2026 roku na kampusie przy ul. W\u00f3ycickiego 1\/3 Uniwersytetu Kardyna\u0142a Stefana Wyszy\u0144skiego w Warszawie. To doskona\u0142a okazja, by ponownie spotka\u0107 swych przyjaci\u00f3\u0142, odnowi\u0107 znajomo\u015bci, wymieni\u0107 si\u0119 cennymi [&hellip;]<\/p>\n","protected":false},"author":3,"featured_media":0,"parent":0,"menu_order":0,"comment_status":"closed","ping_status":"closed","template":"","meta":{"_acf_changed":false,"inline_featured_image":false,"footnotes":"","_links_to":"","_links_to_target":""},"class_list":["post-22658","page","type-page","status-publish","hentry"],"acf":[],"_links":{"self":[{"href":"https:\/\/zjazdabsolwentowpsychologii.uksw.edu.pl\/pl\/wp-json\/wp\/v2\/pages\/22658","targetHints":{"allow":["GET"]}}],"collection":[{"href":"https:\/\/zjazdabsolwentowpsychologii.uksw.edu.pl\/pl\/wp-json\/wp\/v2\/pages"}],"about":[{"href":"https:\/\/zjazdabsolwentowpsychologii.uksw.edu.pl\/pl\/wp-json\/wp\/v2\/types\/page"}],"author":[{"embeddable":true,"href":"https:\/\/zjazdabsolwentowpsychologii.uksw.edu.pl\/pl\/wp-json\/wp\/v2\/users\/3"}],"replies":[{"embeddable":true,"href":"https:\/\/zjazdabsolwentowpsychologii.uksw.edu.pl\/pl\/wp-json\/wp\/v2\/comments?post=22658"}],"version-history":[{"count":51,"href":"https:\/\/zjazdabsolwentowpsychologii.uksw.edu.pl\/pl\/wp-json\/wp\/v2\/pages\/22658\/revisions"}],"predecessor-version":[{"id":22928,"href":"https:\/\/zjazdabsolwentowpsychologii.uksw.edu.pl\/pl\/wp-json\/wp\/v2\/pages\/22658\/revisions\/22928"}],"wp:attachment":[{"href":"https:\/\/zjazdabsolwentowpsychologii.uksw.edu.pl\/pl\/wp-json\/wp\/v2\/media?parent=22658"}],"curies":[{"name":"wp","href":"https:\/\/api.w.org\/{rel}","templated":true}]}}